{"id":203,"date":"2014-10-21T22:31:35","date_gmt":"2014-10-21T22:31:35","guid":{"rendered":"http:\/\/conference.jurix.nl\/2014\/?page_id=203"},"modified":"2014-10-22T20:19:38","modified_gmt":"2014-10-22T20:19:38","slug":"accepted-papers","status":"publish","type":"page","link":"https:\/\/conference.jurix.nl\/2014\/?page_id=203","title":{"rendered":"<span style=\"color: dodgerblue;\">ACCEPTED PAPERS<\/span>"},"content":{"rendered":"<p>Scientia Juris: A Missing Link in the Modelling of Statutory Reasoning<br \/>\n<em>Micha\u0142 Araszkiewicz<\/em><\/p>\n<p>Argumentation Schemes for Statutory Interpretation: A Logical Analysis<br \/>\n<em>Giovanni Sartor, Douglas Walton, Fabrizio Macagno and Antonino Rotolo<\/em><\/p>\n<p>Interpretive Argumentation Schemes<br \/>\n<em>Douglas Walton, Fabrizio Macagno and Giovanni Sartor<\/em><\/p>\n<p>Model of Argument from Social Importance<br \/>\n<em>Tomasz Zurek<\/em><\/p>\n<p>Analysing Norms with Transition Systems<br \/>\n<em>Trevor Bench-Capon<\/em><\/p>\n<p>On the Interactional Meaning of Fundamental Legal Concepts<br \/>\n<em>Giovanni Sileno, Alexander Boer and Tom Van Engers<\/em><\/p>\n<p>Extending Contract Automata with Reparations<br \/>\n<em>Gordon Pace, Fernando Schapachnik and Shaun Azzopardi<\/em><\/p>\n<p>A model of Air Transport Passenger Incidents and Rights<br \/>\n<em>V\u00edctor Rodr\u00edguez Doncel, Cristiana Santos and Pompeu Casanovas<\/em><\/p>\n<p>Abstract Dialectical Frameworks for Legal Reasoning<br \/>\n<em>Latifa Alabdulkarim, Katie Atkinson and Trevor Bench-Capon<\/em><\/p>\n<p>Extracting Legal Arguments from Forensic Bayesian Networks<br \/>\n<em>Sjoerd T. Timmer, John-Jules Ch. Meyer, Henry Prakken, Silja Renooij and Bart Verheij<\/em><\/p>\n<p>Two Faces of Strategic Argumentation in the Law<br \/>\n<em>Guido Governatori, Francesco Olivieri, Antonino Rotolo, Simone Scannapieco and Giovanni Sartor<\/em><\/p>\n<p>Managing Motivation at the Workplace Through Negotiation<br \/>\n<em>Davide Carneiro, Paulo Novais, John Zeleznikow, Francisco Andrade and Jose Neves<\/em><\/p>\n<p>Punishments, Rewards, and the Production of Evidence<br \/>\n<em>Alexander Boer<\/em><\/p>\n<p>Extracting Scenarios from a Bayesian Network as Explanations for Legal Evidence<br \/>\n<em>Charlotte Vlek, Henry Prakken, Silja Renooij and Bart Verheij<\/em><\/p>\n<p>Using data to understand how the statute book works<br \/>\n<em>John Sheridan<\/em><\/p>\n<p>Facilitating Re-use of Legal Data in Applications\u2014Finnish Law as a Linked Open Data Service<br \/>\n<em>Matias Frosterus, Jouni Tuominen and Eero Hyv\u00f6nen<\/em><\/p>\n<p>Open-Access Grant Data: Towards Meta-Research Innovation<br \/>\n<em>Marta Poblet, Amir Aryani, Kate Caldecott, Timos Sellis and Pompeu Casanovas<\/em><\/p>\n<p>Application of Topic Models to Judgments from Public Procurement Domain<br \/>\n<em>Micha\u0142 \u0141opuszy\u0144ski<\/em><\/p>\n<p>Mining Information from Statutory Texts in Multi-Jurisdictional Settings<br \/>\n<em>Jaromir Savelka, Kevin D. Ashley and Matthias Grabmair<\/em><\/p>\n<p>Legislation as a complex network: Modeling and analysis over the European Union law<br \/>\n<em>Marios Koniaris, Ioannis Anagnostopoulos and Yannis Vassiliou<\/em><\/p>\n<p>Towards Measures of Complexity: Applying Structural and Linguistic Metrics to German Laws<br \/>\n<em>Bernhard Waltl and Florian Matthes<\/em><\/p>\n<p>Towards graph-based and semantic search in legal information access systems<br \/>\n<em>Nada Mimouni, Adeline Nazarenko, Eve Paul and Sylvie Salotti<\/em><\/p>\n<p>Towards a Legal Recommender System<br \/>\n<em>Radboud Winkels, Alexander Boer, Bart Vredebregt and Alexander van Someren<\/em><\/p>\n<p>Managing the Requirements of the Swiss Federal Legislation using Akoma Ntoso<br \/>\n<em>Monica Palmirani, Fabio Vitali, Albano Bernasconi and Luca Gambazzi<\/em><\/p>\n<p>Development of the eLen Regulation Database to Support Legislation of Municipalities<br \/>\n<em>Makoto Nakamura and Tokuyasu Kakuta<\/em><\/p>\n<p>A dataset of RDF licenses<br \/>\n<em>V\u00edctor Rodr\u00edguez Doncel, Serena Villata and Asunci\u00f3n G\u00f3mez-P\u00e9rez<\/em><\/p>\n<p>Fighting Organized Crime Through Open Source Intelligence: Regulatory Strategies of the CAPER Project<br \/>\n<em>Pompeu Casanovas, Juan Arraiza, Felipe Melero, Jorge Gonz\u00e1lez-Conejero, Gila Molcho and Montse Cuadros<\/em><\/p>\n<p>Argument-Based Policy Consultation Through Crowdsourcing<br \/>\n<em>Joe Crawford, Katie Atkinson and Trevor Bench-Capon<\/em><\/p>\n<p>Using Crowdsourcing Games Techniques and Similarity Metrics to Improve Legal Ontologies Expansion<br \/>\n<em>Tania C. D. Bueno, Karina G. Roggia and Hugo C. Hoeschl<\/em><\/p>\n<p>#Folksonomies &amp; #Law: from \u00abquid juris?\u00bb to \u00abquid jus?\u00bb to \u00abcur jus?\u00bb<br \/>\n<em>Federico Costantini<\/em><\/p>\n","protected":false},"excerpt":{"rendered":"<p>Scientia Juris: A Missing Link in the Modelling of Statutory Reasoning Micha\u0142 Araszkiewicz Argumentation Schemes for Statutory Interpretation: A Logical Analysis Giovanni Sartor, Douglas Walton, Fabrizio Macagno and Antonino Rotolo Interpretive Argumentation Schemes Douglas Walton, Fabrizio Macagno and Giovanni Sartor Model of Argument from Social Importance Tomasz Zurek Analysing Norms with Transition Systems Trevor Bench-Capon &hellip; <a href=\"https:\/\/conference.jurix.nl\/2014\/?page_id=203\" class=\"more-link\">Continue reading <span class=\"screen-reader-text\"><span style=\"color: dodgerblue;\">ACCEPTED PAPERS<\/span><\/span> <span class=\"meta-nav\">&rarr;<\/span><\/a><\/p>\n","protected":false},"author":1,"featured_media":0,"parent":0,"menu_order":0,"comment_status":"closed","ping_status":"open","template":"","meta":{"footnotes":""},"_links":{"self":[{"href":"https:\/\/conference.jurix.nl\/2014\/index.php?rest_route=\/wp\/v2\/pages\/203"}],"collection":[{"href":"https:\/\/conference.jurix.nl\/2014\/index.php?rest_route=\/wp\/v2\/pages"}],"about":[{"href":"https:\/\/conference.jurix.nl\/2014\/index.php?rest_route=\/wp\/v2\/types\/page"}],"author":[{"embeddable":true,"href":"https:\/\/conference.jurix.nl\/2014\/index.php?rest_route=\/wp\/v2\/users\/1"}],"replies":[{"embeddable":true,"href":"https:\/\/conference.jurix.nl\/2014\/index.php?rest_route=%2Fwp%2Fv2%2Fcomments&post=203"}],"version-history":[{"count":11,"href":"https:\/\/conference.jurix.nl\/2014\/index.php?rest_route=\/wp\/v2\/pages\/203\/revisions"}],"predecessor-version":[{"id":211,"href":"https:\/\/conference.jurix.nl\/2014\/index.php?rest_route=\/wp\/v2\/pages\/203\/revisions\/211"}],"wp:attachment":[{"href":"https:\/\/conference.jurix.nl\/2014\/index.php?rest_route=%2Fwp%2Fv2%2Fmedia&parent=203"}],"curies":[{"name":"wp","href":"https:\/\/api.w.org\/{rel}","templated":true}]}}